{"id":13,"date":"2023-01-31T10:20:47","date_gmt":"2023-01-31T10:20:47","guid":{"rendered":"http:\/\/winerychateauprince.rs\/?page_id=13"},"modified":"2023-11-23T09:58:35","modified_gmt":"2023-11-23T09:58:35","slug":"vinarija","status":"publish","type":"page","link":"http:\/\/winerychateauprince.rs\/index.php\/vinarija\/","title":{"rendered":"Vinarija"},"content":{"rendered":"<ul>\n<li>\n<p>        <img decoding=\"async\" src=\"\/wp-content\/uploads\/2023\/02\/Chateau-Prince-03.jpg\" alt=\"\"><\/p>\n<h3>Chateau-Prince-03<\/h3>\n<\/li>\n<li>\n<p>        <img decoding=\"async\" src=\"\/wp-content\/uploads\/2023\/02\/cha04.jpg\" alt=\"\"><\/p>\n<h3>cha04<\/h3>\n<\/li>\n<li>\n<p>        <img decoding=\"async\" src=\"\/wp-content\/uploads\/2023\/02\/Chateau-Prince-55.jpg\" alt=\"\"><\/p>\n<h3>Chateau-Prince-55<\/h3>\n<\/li>\n<li>\n<p>        <img decoding=\"async\" src=\"\/wp-content\/uploads\/2023\/02\/cha06.jpg\" alt=\"\"><\/p>\n<h3>cha06<\/h3>\n<\/li>\n<li>\n<p>        <img decoding=\"async\" src=\"\/wp-content\/uploads\/2023\/02\/cha06.jpg\" alt=\"\"><\/p>\n<h3>cha06<\/h3>\n<\/li>\n<li>\n<p>        <img decoding=\"async\" src=\"\/wp-content\/uploads\/2023\/02\/ch09.jpg\" alt=\"\"><\/p>\n<h3>ch09<\/h3>\n<\/li>\n<li>\n<p>        <img decoding=\"async\" src=\"\/wp-content\/uploads\/2023\/02\/cha04.jpg\" alt=\"\"><\/p>\n<h3>cha04<\/h3>\n<\/li>\n<li>\n<p>        <img decoding=\"async\" src=\"\/wp-content\/uploads\/2023\/02\/ch10.jpg\" alt=\"\"><\/p>\n<h3>ch10<\/h3>\n<\/li>\n<\/ul>\n<h1>Vinarija Ch\u00e2teau Prince<\/h1>\n<div>\n<p>U Selu Lipovac, izme\u0111u Topole i Arn\u0111elovca, nalazi se vinarija Ch\u00e2teau Prince koje je osnovana iz dugogodi\u0161njeg iskustva i ljubavi prema vinu.<\/p>\n<p>Naziv Ch\u00e2teau Prince nastao je kao inspiracija na istoriju \u0160umadije i mesto koje je kralj Aleksandar Kara\u0111or\u0111evi\u0107 odabrao za svoju vinariju. Svojim geografskim polo\u017eajem, umereno-kontinentalnom klimom, \u017eivopisnim predelima i pogledom koji puca u zelenilom obrgljen vidik, opravdano je dobila tutulu \u201eSrpske Toskane\u201d.<\/p>\n<p>Vinarija se\u00a0 prostire na povr\u0161ini od 15 ha vinograda koji \u010dine \u010detiri internacionalne sorte vinove loze: Chardonnay, Merlot, Cabernet Sauvignon i Shiraz. <\/p>\n<p>Vinariju Ch\u00e2teau Prince od 2021. ponosno<br \/>predstavljaju vinske etikete: <a href=\"http:\/\/winerychateauprince.rs\/index.php\/vina\/\">Velika,<\/a> <a href=\"http:\/\/winerychateauprince.rs\/index.php\/vina\/\">CharM,<\/a> <a href=\"http:\/\/winerychateauprince.rs\/index.php\/vina\/\">Princess,<\/a> \u00a0<a href=\"http:\/\/winerychateauprince.rs\/index.php\/vina\/\">Magija<\/a> <a href=\"http:\/\/winerychateauprince.rs\/index.php\/vina\/\">i<\/a> <a href=\"http:\/\/winerychateauprince.rs\/index.php\/vina\/\">Chateau Shiraz.<\/a><\/p>\n<\/div>\n<h1>Nagrade<\/h1>\n<p><img decoding=\"async\" src=\"\/wp-content\/uploads\/2023\/02\/logosw.jpg\" alt=\"\"><\/p>\n<div>\n<ul>\n<li>BIWC 2022 Zlato za Velika Morava i Princess,<\/li>\n<li>Open Balkan 2022 zlato za vino CharM<\/li>\n<\/ul>\n<\/div>\n<h1>Sajmovi<\/h1>\n<div>\n<ul>\n<li>Wine Garden u Botani\u010dkoj ba\u0161ti<\/li>\n<li>Topola festival vina u Kraljevoj vinariji<\/li>\n<li>Open Balkan, Hyatt<\/li>\n<\/ul>\n<\/div>\n<div>\n<p>Vinarija Ch\u00e2teau Prince u medijima<\/p>\n<\/div>\n<p><iframe src=\"https:\/\/www.youtube.com\/watch?v=jubt4WTvHZU\"><\/iframe><\/p>\n<ul>\n<li>\n<p>        <img decoding=\"async\" src=\"\/wp-content\/uploads\/2023\/11\/h001.jpg\" alt=\"\"><\/p>\n<h3>h001<\/h3>\n<\/li>\n<li>\n<p>        <img decoding=\"async\" src=\"\/wp-content\/uploads\/2023\/11\/h002.jpg\" alt=\"\"><\/p>\n<h3>h002<\/h3>\n<\/li>\n<li>\n<p>        <img decoding=\"async\" src=\"\/wp-content\/uploads\/2023\/11\/h003.jpg\" alt=\"\"><\/p>\n<h3>h003<\/h3>\n<\/li>\n<li>\n<p>        <img decoding=\"async\" src=\"\/wp-content\/uploads\/2023\/11\/h004.jpg\" alt=\"\"><\/p>\n<h3>h004<\/h3>\n<\/li>\n<li>\n<p>        <img decoding=\"async\" src=\"\/wp-content\/uploads\/2023\/11\/h005.jpg\" alt=\"\"><\/p>\n<h3>h005<\/h3>\n<\/li>\n<li>\n<p>        <img decoding=\"async\" src=\"\/wp-content\/uploads\/2023\/11\/h006.jpg\" alt=\"\"><\/p>\n<h3>h006<\/h3>\n<\/li>\n<li>\n<p>        <img decoding=\"async\" src=\"\/wp-content\/uploads\/2023\/11\/h007.jpg\" alt=\"\"><\/p>\n<h3>h007<\/h3>\n<\/li>\n<li>\n<p>        <img decoding=\"async\" src=\"\/wp-content\/uploads\/2023\/11\/h008.jpg\" alt=\"\"><\/p>\n<h3>h008<\/h3>\n<\/li>\n<li>\n<p>        <img decoding=\"async\" src=\"\/wp-content\/uploads\/2023\/11\/h009.jpg\" alt=\"\"><\/p>\n<h3>h009<\/h3>\n<\/li>\n<li>\n<p>        <img decoding=\"async\" src=\"\/wp-content\/uploads\/2023\/11\/h010.jpg\" alt=\"\"><\/p>\n<h3>h010<\/h3>\n<\/li>\n<li>\n<p>        <img decoding=\"async\" src=\"\/wp-content\/uploads\/2023\/11\/h011.jpg\" alt=\"\"><\/p>\n<h3>h011<\/h3>\n<\/li>\n<li>\n<p>        <img decoding=\"async\" src=\"\/wp-content\/uploads\/2023\/11\/h012.jpg\" alt=\"\"><\/p>\n<h3>h012<\/h3>\n<\/li>\n<li>\n<p>        <img decoding=\"async\" src=\"\/wp-content\/uploads\/2023\/11\/h013.jpg\" alt=\"\"><\/p>\n<h3>h013<\/h3>\n<\/li>\n<li>\n<p>        <img decoding=\"async\" src=\"\/wp-content\/uploads\/2023\/11\/h014.jpg\" alt=\"\"><\/p>\n<h3>h014<\/h3>\n<\/li>\n<li>\n<p>        <img decoding=\"async\" src=\"\/wp-content\/uploads\/2023\/11\/h015.jpg\" alt=\"\"><\/p>\n<h3>h015<\/h3>\n<\/li>\n<\/ul>\n<p><!--more--><br \/>\n<!-- {\"type\":\"layout\",\"children\":[{\"type\":\"section\",\"props\":{\"image_position\":\"center-center\",\"style\":\"default\",\"title_breakpoint\":\"xl\",\"title_position\":\"top-left\",\"title_rotation\":\"left\",\"vertical_align\":\"middle\",\"width\":\"default\"},\"children\":[{\"type\":\"row\",\"children\":[{\"type\":\"column\",\"props\":{\"image_position\":\"center-center\",\"position_sticky_breakpoint\":\"m\"},\"children\":[{\"type\":\"gallery\",\"props\":{\"filter_align\":\"left\",\"filter_all\":true,\"filter_grid_breakpoint\":\"m\",\"filter_grid_width\":\"auto\",\"filter_position\":\"top\",\"filter_style\":\"tab\",\"grid_column_gap\":\"collapse\",\"grid_default\":\"1\",\"grid_medium\":\"4\",\"grid_row_gap\":\"collapse\",\"image_height\":\"800\",\"image_width\":\"800\",\"item_animation\":true,\"link_style\":\"default\",\"link_text\":\"Read more\",\"margin\":\"default\",\"meta_align\":\"below-title\",\"meta_element\":\"div\",\"meta_style\":\"text-meta\",\"overlay_hover\":false,\"overlay_mode\":\"caption\",\"overlay_position\":\"center\",\"overlay_style\":\"overlay-primary\",\"overlay_transition\":\"fade\",\"show_content\":true,\"show_hover_image\":true,\"show_link\":true,\"show_meta\":true,\"show_title\":false,\"text_align\":\"center\",\"text_color\":\"light\",\"title_element\":\"h3\",\"title_hover_style\":\"reset\"},\"children\":[{\"type\":\"gallery_item\",\"props\":{\"image\":\"wp-content\\\/uploads\\\/2023\\\/02\\\/Chateau-Prince-03.jpg\",\"title\":\"Chateau-Prince-03\"}},{\"type\":\"gallery_item\",\"props\":{\"image\":\"wp-content\\\/uploads\\\/2023\\\/02\\\/cha04.jpg\",\"title\":\"cha04\"}},{\"type\":\"gallery_item\",\"props\":{\"image\":\"wp-content\\\/uploads\\\/2023\\\/02\\\/Chateau-Prince-55.jpg\",\"title\":\"Chateau-Prince-55\"}},{\"type\":\"gallery_item\",\"props\":{\"image\":\"wp-content\\\/uploads\\\/2023\\\/02\\\/cha06.jpg\",\"title\":\"cha06\"}},{\"type\":\"gallery_item\",\"props\":{\"image\":\"wp-content\\\/uploads\\\/2023\\\/02\\\/cha06.jpg\",\"title\":\"cha06\"}},{\"type\":\"gallery_item\",\"props\":{\"image\":\"wp-content\\\/uploads\\\/2023\\\/02\\\/ch09.jpg\",\"title\":\"ch09\"}},{\"type\":\"gallery_item\",\"props\":{\"image\":\"wp-content\\\/uploads\\\/2023\\\/02\\\/cha04.jpg\",\"title\":\"cha04\"}},{\"type\":\"gallery_item\",\"props\":{\"image\":\"wp-content\\\/uploads\\\/2023\\\/02\\\/ch10.jpg\",\"title\":\"ch10\"}}]},{\"type\":\"fragment\",\"children\":[{\"type\":\"row\",\"props\":{\"layout\":\"1-2,1-2\"},\"children\":[{\"type\":\"column\",\"props\":{\"image_position\":\"center-center\",\"position_sticky_breakpoint\":\"m\",\"width_medium\":\"1-2\"},\"children\":[{\"type\":\"headline\",\"props\":{\"content\":\"Vinarija Ch\\u00e2teau Prince\",\"title_element\":\"h1\"}},{\"type\":\"text\",\"props\":{\"column_breakpoint\":\"m\",\"content\":\"\n\n<p>U Selu Lipovac, izme\\u0111u Topole i Arn\\u0111elovca, nalazi se vinarija Ch\\u00e2teau Prince koje je osnovana iz dugogodi\\u0161njeg iskustva i ljubavi prema vinu.<br \\\/><br \\\/>Naziv Ch\\u00e2teau Prince nastao je kao inspiracija na istoriju \\u0160umadije i mesto koje je kralj Aleksandar Kara\\u0111or\\u0111evi\\u0107 odabrao za svoju vinariju. Svojim geografskim polo\\u017eajem, umereno-kontinentalnom klimom, \\u017eivopisnim predelima i pogledom koji puca u zelenilom obrgljen vidik, opravdano je dobila tutulu \\u201eSrpske Toskane\\u201d.<br \\\/><br \\\/>Vinarija se\\u00a0 prostire na povr\\u0161ini od 15 ha vinograda koji \\u010dine \\u010detiri internacionalne sorte vinove loze: Chardonnay, Merlot, Cabernet Sauvignon i Shiraz. <br \\\/><br \\\/>Vinariju Ch\\u00e2teau Prince od 2021. ponosno<br \\\/>predstavljaju vinske etikete: <a href=\\\"http:\\\/\\\/winerychateauprince.rs\\\/index.php\\\/vina\\\/\\\">Velika,<\\\/a> <a href=\\\"http:\\\/\\\/winerychateauprince.rs\\\/index.php\\\/vina\\\/\\\">CharM,<\\\/a> <a href=\\\"http:\\\/\\\/winerychateauprince.rs\\\/index.php\\\/vina\\\/\\\">Princess,<\\\/a> \\u00a0<a href=\\\"http:\\\/\\\/winerychateauprince.rs\\\/index.php\\\/vina\\\/\\\">Magija<\\\/a> <a href=\\\"http:\\\/\\\/winerychateauprince.rs\\\/index.php\\\/vina\\\/\\\">i<\\\/a> <a href=\\\"http:\\\/\\\/winerychateauprince.rs\\\/index.php\\\/vina\\\/\\\">Chateau Shiraz.<\\\/a><\\\/p>\",\"margin\":\"default\",\"text_align\":\"justify\"}}]},{\"type\":\"column\",\"props\":{\"image_position\":\"center-center\",\"position_sticky_breakpoint\":\"m\",\"width_medium\":\"1-2\"}}]}],\"props\":{\"margin\":\"default\"}},{\"type\":\"fragment\",\"children\":[{\"type\":\"row\",\"props\":{\"layout\":\"1-2,1-2\"},\"children\":[{\"type\":\"column\",\"props\":{\"image_position\":\"center-center\",\"position_sticky_breakpoint\":\"m\",\"width_medium\":\"1-2\"}},{\"type\":\"column\",\"props\":{\"image_position\":\"center-center\",\"position_sticky_breakpoint\":\"m\",\"width_medium\":\"1-2\"},\"children\":[{\"type\":\"headline\",\"props\":{\"content\":\"Nagrade\",\"text_align\":\"right\",\"title_decoration\":\"line\",\"title_element\":\"h1\"},\"name\":\"nagrade\"},{\"type\":\"image\",\"props\":{\"image\":\"wp-content\\\/uploads\\\/2023\\\/02\\\/logosw.jpg\",\"image_svg_color\":\"emphasis\",\"image_width\":\"250\",\"margin\":\"default\"}},{\"type\":\"text\",\"props\":{\"column_breakpoint\":\"m\",\"content\":\"\n\n<ul>\\n\n\n<li>BIWC 2022 Zlato za Velika Morava i Princess,<\\\/li>\\n\n\n<li>Open Balkan 2022 zlato za vino CharM<\\\/li>\\n<\\\/ul>\",\"margin\":\"default\"}},{\"type\":\"headline\",\"props\":{\"content\":\"Sajmovi\",\"text_align\":\"right\",\"title_decoration\":\"line\",\"title_element\":\"h1\"},\"name\":\"nagrade\"},{\"type\":\"text\",\"props\":{\"column_breakpoint\":\"m\",\"content\":\"\n\n<ul>\\n\n\n<li>Wine Garden u Botani\\u010dkoj ba\\u0161ti<\\\/li>\\n\n\n<li>Topola festival vina u Kraljevoj vinariji<\\\/li>\\n\n\n<li>Open Balkan, Hyatt<\\\/li>\\n<\\\/ul>\",\"margin\":\"default\"}}]}]}],\"props\":{\"margin\":\"default\"}},{\"type\":\"text\",\"props\":{\"column_breakpoint\":\"m\",\"content\":\"\n\n<p>Vinarija Ch\\u00e2teau Prince u medijima<\\\/p>\",\"margin\":\"default\"}},{\"type\":\"video\",\"props\":{\"margin\":\"default\",\"video\":\"https:\\\/\\\/www.youtube.com\\\/watch?v=jubt4WTvHZU\",\"video_controls\":true,\"video_height\":\"600\",\"video_width\":\"600\"}}]}]}]},{\"type\":\"section\",\"props\":{\"image_position\":\"center-center\",\"style\":\"default\",\"title_breakpoint\":\"xl\",\"title_position\":\"top-left\",\"title_rotation\":\"left\",\"vertical_align\":\"middle\",\"width\":\"default\"},\"children\":[{\"type\":\"row\",\"children\":[{\"type\":\"column\",\"props\":{\"image_position\":\"center-center\",\"position_sticky_breakpoint\":\"m\"},\"children\":[{\"type\":\"gallery\",\"props\":{\"filter_align\":\"left\",\"filter_all\":true,\"filter_grid_breakpoint\":\"m\",\"filter_grid_width\":\"auto\",\"filter_position\":\"top\",\"filter_style\":\"tab\",\"grid_default\":\"1\",\"grid_divider\":true,\"grid_medium\":\"3\",\"image_border\":\"rounded\",\"image_height\":\"600\",\"image_width\":\"800\",\"item_animation\":true,\"lightbox\":true,\"link_style\":\"default\",\"link_text\":\"Prika\\u017ei\",\"margin\":\"default\",\"meta_align\":\"below-title\",\"meta_element\":\"div\",\"meta_style\":\"text-meta\",\"overlay_hover\":true,\"overlay_mode\":\"cover\",\"overlay_position\":\"center\",\"overlay_style\":\"overlay-primary\",\"overlay_transition\":\"fade\",\"show_content\":true,\"show_hover_image\":true,\"show_link\":true,\"show_meta\":true,\"show_title\":true,\"text_align\":\"center\",\"text_color\":\"light\",\"title_element\":\"h3\",\"title_hover_style\":\"reset\"},\"children\":[{\"type\":\"gallery_item\",\"props\":{\"image\":\"wp-content\\\/uploads\\\/2023\\\/11\\\/h001.jpg\",\"title\":\"h001\"}},{\"type\":\"gallery_item\",\"props\":{\"image\":\"wp-content\\\/uploads\\\/2023\\\/11\\\/h002.jpg\",\"title\":\"h002\"}},{\"type\":\"gallery_item\",\"props\":{\"image\":\"wp-content\\\/uploads\\\/2023\\\/11\\\/h003.jpg\",\"title\":\"h003\"}},{\"type\":\"gallery_item\",\"props\":{\"image\":\"wp-content\\\/uploads\\\/2023\\\/11\\\/h004.jpg\",\"title\":\"h004\"}},{\"type\":\"gallery_item\",\"props\":{\"image\":\"wp-content\\\/uploads\\\/2023\\\/11\\\/h005.jpg\",\"title\":\"h005\"}},{\"type\":\"gallery_item\",\"props\":{\"image\":\"wp-content\\\/uploads\\\/2023\\\/11\\\/h006.jpg\",\"title\":\"h006\"}},{\"type\":\"gallery_item\",\"props\":{\"image\":\"wp-content\\\/uploads\\\/2023\\\/11\\\/h007.jpg\",\"title\":\"h007\"}},{\"type\":\"gallery_item\",\"props\":{\"image\":\"wp-content\\\/uploads\\\/2023\\\/11\\\/h008.jpg\",\"title\":\"h008\"}},{\"type\":\"gallery_item\",\"props\":{\"image\":\"wp-content\\\/uploads\\\/2023\\\/11\\\/h009.jpg\",\"title\":\"h009\"}},{\"type\":\"gallery_item\",\"props\":{\"image\":\"wp-content\\\/uploads\\\/2023\\\/11\\\/h010.jpg\",\"title\":\"h010\"}},{\"type\":\"gallery_item\",\"props\":{\"image\":\"wp-content\\\/uploads\\\/2023\\\/11\\\/h011.jpg\",\"title\":\"h011\"}},{\"type\":\"gallery_item\",\"props\":{\"image\":\"wp-content\\\/uploads\\\/2023\\\/11\\\/h012.jpg\",\"title\":\"h012\"}},{\"type\":\"gallery_item\",\"props\":{\"image\":\"wp-content\\\/uploads\\\/2023\\\/11\\\/h013.jpg\",\"title\":\"h013\"}},{\"type\":\"gallery_item\",\"props\":{\"image\":\"wp-content\\\/uploads\\\/2023\\\/11\\\/h014.jpg\",\"title\":\"h014\"}},{\"type\":\"gallery_item\",\"props\":{\"image\":\"wp-content\\\/uploads\\\/2023\\\/11\\\/h015.jpg\",\"title\":\"h015\"}}]}]}]}]}],\"version\":\"4.2.6\"} --><\/p>\n","protected":false},"excerpt":{"rendered":"<p>Chateau-Prince-03 cha04 Chateau-Prince-55 cha06 cha06 ch09 cha04 ch10 Vinarija Ch\u00e2teau Prince U Selu Lipovac, izme\u0111u Topole i Arn\u0111elovca, nalazi se vinarija Ch\u00e2teau Prince koje je osnovana iz dugogodi\u0161njeg iskustva i ljubavi prema vinu. Naziv Ch\u00e2teau Prince nastao je kao inspiracija na istoriju \u0160umadije i mesto koje je kralj Aleksandar Kara\u0111or\u0111evi\u0107 odabrao za svoju vinariju. Svojim [&hellip;]<\/p>\n","protected":false},"author":1,"featured_media":0,"parent":0,"menu_order":0,"comment_status":"closed","ping_status":"closed","template":"","meta":{"footnotes":""},"class_list":["post-13","page","type-page","status-publish","hentry"],"_links":{"self":[{"href":"http:\/\/winerychateauprince.rs\/index.php\/wp-json\/wp\/v2\/pages\/13","targetHints":{"allow":["GET"]}}],"collection":[{"href":"http:\/\/winerychateauprince.rs\/index.php\/wp-json\/wp\/v2\/pages"}],"about":[{"href":"http:\/\/winerychateauprince.rs\/index.php\/wp-json\/wp\/v2\/types\/page"}],"author":[{"embeddable":true,"href":"http:\/\/winerychateauprince.rs\/index.php\/wp-json\/wp\/v2\/users\/1"}],"replies":[{"embeddable":true,"href":"http:\/\/winerychateauprince.rs\/index.php\/wp-json\/wp\/v2\/comments?post=13"}],"version-history":[{"count":23,"href":"http:\/\/winerychateauprince.rs\/index.php\/wp-json\/wp\/v2\/pages\/13\/revisions"}],"predecessor-version":[{"id":383,"href":"http:\/\/winerychateauprince.rs\/index.php\/wp-json\/wp\/v2\/pages\/13\/revisions\/383"}],"wp:attachment":[{"href":"http:\/\/winerychateauprince.rs\/index.php\/wp-json\/wp\/v2\/media?parent=13"}],"curies":[{"name":"wp","href":"https:\/\/api.w.org\/{rel}","templated":true}]}}