{"id":320,"date":"2023-11-08T13:59:07","date_gmt":"2023-11-08T13:59:07","guid":{"rendered":"https:\/\/winerychateauprince.rs\/?post_type=product&#038;p=320"},"modified":"2023-12-14T12:30:44","modified_gmt":"2023-12-14T12:30:44","slug":"chateau-shiraz-kopiraj","status":"publish","type":"product","link":"http:\/\/winerychateauprince.rs\/index.php\/proizvod\/chateau-shiraz-kopiraj\/","title":{"rendered":"Velika"},"content":{"rendered":"<p>Vino svetlo \u017eute boje, izuzetne atomati\u010dnosti koja \u0107e vas obuzeti pravo iz \u010da\u0161e. Mirisi tpskog vo\u0107a, breskve i cve\u0107a, karakteristi\u010dni za Veliku Moravu na\u0107i\u0107e se tu.<\/p>\n<p>Mlado vino odle\u017ealo u INOX-u, jakih ali ne i agresivnih kiselina, sa 13% alkohola mo\u017ee da pru\u017ei neophodno osve\u017eenje za leto ako se pije samo, a ako tra\u017ei hranu upari\u0107e se odli\u010dno sa laganim obrok salatama sa dresingom na bazi sir\u0107eta i citrusa, jelima sa piletinom i \u0107uretinom i belim sosovima na bazi sira.<\/p>\n<p>Zapremina: O.75l<\/p>\n","protected":false},"excerpt":{"rendered":"<div class=\"el-meta uk-text-meta uk-margin-top\"><\/div>\n<div class=\"el-content uk-panel uk-margin-top\"><\/div>\n","protected":false},"featured_media":397,"comment_status":"open","ping_status":"closed","template":"","meta":[],"product_brand":[],"product_cat":[23],"product_tag":[],"class_list":{"0":"post-320","1":"product","2":"type-product","3":"status-publish","4":"has-post-thumbnail","6":"product_cat-prodavnica","8":"first","9":"instock","10":"featured","11":"taxable","12":"shipping-taxable","13":"purchasable","14":"product-type-simple"},"_links":{"self":[{"href":"http:\/\/winerychateauprince.rs\/index.php\/wp-json\/wp\/v2\/product\/320","targetHints":{"allow":["GET"]}}],"collection":[{"href":"http:\/\/winerychateauprince.rs\/index.php\/wp-json\/wp\/v2\/product"}],"about":[{"href":"http:\/\/winerychateauprince.rs\/index.php\/wp-json\/wp\/v2\/types\/product"}],"replies":[{"embeddable":true,"href":"http:\/\/winerychateauprince.rs\/index.php\/wp-json\/wp\/v2\/comments?post=320"}],"wp:featuredmedia":[{"embeddable":true,"href":"http:\/\/winerychateauprince.rs\/index.php\/wp-json\/wp\/v2\/media\/397"}],"wp:attachment":[{"href":"http:\/\/winerychateauprince.rs\/index.php\/wp-json\/wp\/v2\/media?parent=320"}],"wp:term":[{"taxonomy":"product_brand","embeddable":true,"href":"http:\/\/winerychateauprince.rs\/index.php\/wp-json\/wp\/v2\/product_brand?post=320"},{"taxonomy":"product_cat","embeddable":true,"href":"http:\/\/winerychateauprince.rs\/index.php\/wp-json\/wp\/v2\/product_cat?post=320"},{"taxonomy":"product_tag","embeddable":true,"href":"http:\/\/winerychateauprince.rs\/index.php\/wp-json\/wp\/v2\/product_tag?post=320"}],"curies":[{"name":"wp","href":"https:\/\/api.w.org\/{rel}","templated":true}]}}